{"id":6364,"date":"2022-05-30T11:55:15","date_gmt":"2022-05-30T09:55:15","guid":{"rendered":"https:\/\/www.hotel-europeangleterre-macon.com\/food-beverage"},"modified":"2023-01-23T17:16:42","modified_gmt":"2023-01-23T16:16:42","slug":"food-beverage","status":"publish","type":"page","link":"https:\/\/www.hotel-europeangleterre-macon.com\/en\/food-beverage","title":{"rendered":"Food &amp; Beverage"},"content":{"rendered":"\t\t<div data-elementor-type=\"wp-post\" data-elementor-id=\"6364\" class=\"elementor elementor-6364 elementor-60\" data-elementor-post-type=\"page\">\n\t\t\t\t\t\t<section class=\"elementor-section elementor-top-section elementor-element elementor-element-375682d elementor-section-content-middle elementor-section-boxed elementor-section-height-default elementor-section-height-default\" data-id=\"375682d\" data-element_type=\"section\" data-e-type=\"section\" data-settings=\"{&quot;background_background&quot;:&quot;classic&quot;}\">\n\t\t\t\t\t\t\t<div class=\"elementor-background-overlay\"><\/div>\n\t\t\t\t\t\t\t<div class=\"elementor-container elementor-column-gap-default\">\n\t\t\t\t\t<div class=\"elementor-column elementor-col-50 elementor-top-column elementor-element elementor-element-e432b8c\" data-id=\"e432b8c\" data-element_type=\"column\" data-e-type=\"column\" data-settings=\"{&quot;background_background&quot;:&quot;classic&quot;}\">\n\t\t\t<div class=\"elementor-widget-wrap elementor-element-populated\">\n\t\t\t\t\t\t<div class=\"elementor-element elementor-element-fd4a505 elementor-widget elementor-widget-spacer\" data-id=\"fd4a505\" data-element_type=\"widget\" data-e-type=\"widget\" data-widget_type=\"spacer.default\">\n\t\t\t\t<div class=\"elementor-widget-container\">\n\t\t\t\t\t\t\t<div class=\"elementor-spacer\">\n\t\t\t<div class=\"elementor-spacer-inner\"><\/div>\n\t\t<\/div>\n\t\t\t\t\t\t<\/div>\n\t\t\t\t<\/div>\n\t\t\t\t\t<\/div>\n\t\t<\/div>\n\t\t\t\t<div class=\"elementor-column elementor-col-50 elementor-top-column elementor-element elementor-element-b4cfc48\" data-id=\"b4cfc48\" data-element_type=\"column\" data-e-type=\"column\" data-settings=\"{&quot;background_background&quot;:&quot;classic&quot;}\">\n\t\t\t<div class=\"elementor-widget-wrap elementor-element-populated\">\n\t\t\t\t\t\t<section class=\"elementor-section elementor-inner-section elementor-element elementor-element-27006b1 elementor-section-full_width elementor-section-height-default elementor-section-height-default\" data-id=\"27006b1\" data-element_type=\"section\" data-e-type=\"section\" data-settings=\"{&quot;background_background&quot;:&quot;classic&quot;}\">\n\t\t\t\t\t\t<div class=\"elementor-container elementor-column-gap-default\">\n\t\t\t\t\t<div class=\"elementor-column elementor-col-100 elementor-inner-column elementor-element elementor-element-2efebde\" data-id=\"2efebde\" data-element_type=\"column\" data-e-type=\"column\">\n\t\t\t<div class=\"elementor-widget-wrap elementor-element-populated\">\n\t\t\t\t\t\t<div class=\"elementor-element elementor-element-9ffea44 elementor-widget elementor-widget-heading\" data-id=\"9ffea44\" data-element_type=\"widget\" data-e-type=\"widget\" data-widget_type=\"heading.default\">\n\t\t\t\t<div class=\"elementor-widget-container\">\n\t\t\t\t\t<p class=\"elementor-heading-title elementor-size-default\">Breakfast<\/p>\t\t\t\t<\/div>\n\t\t\t\t<\/div>\n\t\t\t\t<div class=\"elementor-element elementor-element-7ce3846 elementor-widget elementor-widget-heading\" data-id=\"7ce3846\" data-element_type=\"widget\" data-e-type=\"widget\" data-widget_type=\"heading.default\">\n\t\t\t\t<div class=\"elementor-widget-container\">\n\t\t\t\t\t<h3 class=\"elementor-heading-title elementor-size-default\">Buffet breakfast 18 \u20ac<\/h3>\t\t\t\t<\/div>\n\t\t\t\t<\/div>\n\t\t\t\t<div class=\"elementor-element elementor-element-b3dae19 elementor-widget elementor-widget-text-editor\" data-id=\"b3dae19\" data-element_type=\"widget\" data-e-type=\"widget\" data-widget_type=\"text-editor.default\">\n\t\t\t\t<div class=\"elementor-widget-container\">\n\t\t\t\t\t\t\t\t\t<p>A wide variety of local organic produce is served at the buffet in the breakfast hall of the Best Western Plus H\u00f4tel d\u2019Europe et d\u2019Angleterre from 7am to 10:30am, and 11am during the weekend.<\/p>\n<p>We will serve up something fresh and sweet to help you start your day properly\u2026 come and discover some unexpected new flavors with the jams and conserves from the Maison Annie Vaffier.<\/p>\n<p><strong> <\/strong><\/p>\t\t\t\t\t\t\t\t<\/div>\n\t\t\t\t<\/div>\n\t\t\t\t<div class=\"elementor-element elementor-element-97ddc6f elementor-widget elementor-widget-heading\" data-id=\"97ddc6f\" data-element_type=\"widget\" data-e-type=\"widget\" data-widget_type=\"heading.default\">\n\t\t\t\t<div class=\"elementor-widget-container\">\n\t\t\t\t\t<h3 class=\"elementor-heading-title elementor-size-default\">Express breakfast 10 \u20ac<\/h3>\t\t\t\t<\/div>\n\t\t\t\t<\/div>\n\t\t\t\t<div class=\"elementor-element elementor-element-62fa6e2 elementor-widget elementor-widget-text-editor\" data-id=\"62fa6e2\" data-element_type=\"widget\" data-e-type=\"widget\" data-widget_type=\"text-editor.default\">\n\t\t\t\t<div class=\"elementor-widget-container\">\n\t\t\t\t\t\t\t\t\t<p>Or if you are in a hurry, pull up a chair and enjoy a hot drink, some fresh fruit juice and a selection of pastries.<\/p>\n\t\t\t\t\t\t\t\t<\/div>\n\t\t\t\t<\/div>\n\t\t\t\t\t<\/div>\n\t\t<\/div>\n\t\t\t\t\t<\/div>\n\t\t<\/section>\n\t\t\t\t\t<\/div>\n\t\t<\/div>\n\t\t\t\t\t<\/div>\n\t\t<\/section>\n\t\t\t\t<section class=\"elementor-section elementor-top-section elementor-element elementor-element-8b0768c elementor-section-boxed elementor-section-height-default elementor-section-height-default\" data-id=\"8b0768c\" data-element_type=\"section\" data-e-type=\"section\" data-settings=\"{&quot;background_background&quot;:&quot;gradient&quot;}\">\n\t\t\t\t\t\t<div class=\"elementor-container elementor-column-gap-default\">\n\t\t\t\t\t<div class=\"elementor-column elementor-col-50 elementor-top-column elementor-element elementor-element-c7ecb0d\" data-id=\"c7ecb0d\" data-element_type=\"column\" data-e-type=\"column\">\n\t\t\t<div class=\"elementor-widget-wrap elementor-element-populated\">\n\t\t\t\t\t\t<div class=\"elementor-element elementor-element-136d1cf elementor-widget elementor-widget-image\" data-id=\"136d1cf\" data-element_type=\"widget\" data-e-type=\"widget\" data-widget_type=\"image.default\">\n\t\t\t\t<div class=\"elementor-widget-container\">\n\t\t\t\t\t\t\t\t\t\t\t\t\t\t\t<img decoding=\"async\" src=\"https:\/\/www.hotel-europeangleterre-macon.com\/wp-content\/uploads\/elementor\/thumbs\/E10B5367-345D-4B63-ABD2-A74EE7A65ABD-q13bo1urmj08gahyyrf8qtafqna139798cx5bwou7w.png\" title=\"E10B5367-345D-4B63-ABD2-A74EE7A65ABD\" alt=\"E10B5367-345D-4B63-ABD2-A74EE7A65ABD\" loading=\"lazy\" \/>\t\t\t\t\t\t\t\t\t\t\t\t\t\t\t<\/div>\n\t\t\t\t<\/div>\n\t\t\t\t\t<\/div>\n\t\t<\/div>\n\t\t\t\t<div class=\"elementor-column elementor-col-50 elementor-top-column elementor-element elementor-element-193875c\" data-id=\"193875c\" data-element_type=\"column\" data-e-type=\"column\">\n\t\t\t<div class=\"elementor-widget-wrap elementor-element-populated\">\n\t\t\t\t\t\t<div class=\"elementor-element elementor-element-01c6b53 elementor-widget elementor-widget-text-editor\" data-id=\"01c6b53\" data-element_type=\"widget\" data-e-type=\"widget\" data-widget_type=\"text-editor.default\">\n\t\t\t\t<div class=\"elementor-widget-container\">\n\t\t\t\t\t\t\t\t\t<p><b> <\/b><\/p>\n<p><b>FOOD DELIVERY<\/b><\/p>\n<p>We inform our kind clientele that meal deliveries are not allowed in our establishment.<\/p>\n<p> <\/p>\n<p>Nevertheless, if you wish to dine in your room, room service is available 24 hours a day.<\/p>\t\t\t\t\t\t\t\t<\/div>\n\t\t\t\t<\/div>\n\t\t\t\t\t<\/div>\n\t\t<\/div>\n\t\t\t\t\t<\/div>\n\t\t<\/section>\n\t\t\t\t<section class=\"elementor-section elementor-top-section elementor-element elementor-element-1d69336 elementor-section-boxed elementor-section-height-default elementor-section-height-default\" data-id=\"1d69336\" data-element_type=\"section\" data-e-type=\"section\">\n\t\t\t\t\t\t<div class=\"elementor-container elementor-column-gap-default\">\n\t\t\t\t\t<div class=\"elementor-column elementor-col-100 elementor-top-column elementor-element elementor-element-61f7480\" data-id=\"61f7480\" data-element_type=\"column\" data-e-type=\"column\">\n\t\t\t<div class=\"elementor-widget-wrap elementor-element-populated\">\n\t\t\t\t\t\t<div class=\"elementor-element elementor-element-d30ef8c elementor-widget-divider--view-line elementor-widget elementor-widget-divider\" data-id=\"d30ef8c\" data-element_type=\"widget\" data-e-type=\"widget\" data-widget_type=\"divider.default\">\n\t\t\t\t<div class=\"elementor-widget-container\">\n\t\t\t\t\t\t\t<div class=\"elementor-divider\">\n\t\t\t<span class=\"elementor-divider-separator\">\n\t\t\t\t\t\t<\/span>\n\t\t<\/div>\n\t\t\t\t\t\t<\/div>\n\t\t\t\t<\/div>\n\t\t\t\t\t<\/div>\n\t\t<\/div>\n\t\t\t\t\t<\/div>\n\t\t<\/section>\n\t\t\t\t<section class=\"elementor-section elementor-top-section elementor-element elementor-element-207c779 elementor-section-stretched elementor-section-boxed elementor-section-height-default elementor-section-height-default\" data-id=\"207c779\" data-element_type=\"section\" data-e-type=\"section\" data-settings=\"{&quot;background_background&quot;:&quot;classic&quot;,&quot;stretch_section&quot;:&quot;section-stretched&quot;}\">\n\t\t\t\t\t\t<div class=\"elementor-container elementor-column-gap-default\">\n\t\t\t\t\t<div class=\"elementor-column elementor-col-50 elementor-top-column elementor-element elementor-element-b800eaa\" data-id=\"b800eaa\" data-element_type=\"column\" data-e-type=\"column\" data-settings=\"{&quot;background_background&quot;:&quot;classic&quot;}\">\n\t\t\t<div class=\"elementor-widget-wrap elementor-element-populated\">\n\t\t\t\t\t\t<div class=\"elementor-element elementor-element-650bf3a elementor-widget elementor-widget-heading\" data-id=\"650bf3a\" data-element_type=\"widget\" data-e-type=\"widget\" data-widget_type=\"heading.default\">\n\t\t\t\t<div class=\"elementor-widget-container\">\n\t\t\t\t\t<p class=\"elementor-heading-title elementor-size-default\">PACKED LUNCH<\/p>\t\t\t\t<\/div>\n\t\t\t\t<\/div>\n\t\t\t\t<div class=\"elementor-element elementor-element-34ffdf4 elementor-widget elementor-widget-text-editor\" data-id=\"34ffdf4\" data-element_type=\"widget\" data-e-type=\"widget\" data-widget_type=\"text-editor.default\">\n\t\t\t\t<div class=\"elementor-widget-container\">\n\t\t\t\t\t\t\t\t\t<p>Composed of tasty recipes, exclusively cooked with fresh and seasonal ingredients, served in jars, our packed lunches are available anytime. Served in glass jars, made from products carefully selected for their quality and freshness, our partner cooks them just for you, so that &#8220;eat fast&#8221; is synonymous with &#8220;eat well&#8221;&#8230;<\/p>\n\t\t\t\t\t\t\t\t<\/div>\n\t\t\t\t<\/div>\n\t\t\t\t\t<\/div>\n\t\t<\/div>\n\t\t\t\t<div class=\"elementor-column elementor-col-50 elementor-top-column elementor-element elementor-element-9e0010f\" data-id=\"9e0010f\" data-element_type=\"column\" data-e-type=\"column\">\n\t\t\t<div class=\"elementor-widget-wrap\">\n\t\t\t\t\t\t\t<\/div>\n\t\t<\/div>\n\t\t\t\t\t<\/div>\n\t\t<\/section>\n\t\t\t\t<section class=\"elementor-section elementor-top-section elementor-element elementor-element-3a0db30 elementor-section-full_width elementor-section-content-middle elementor-section-stretched elementor-section-height-default elementor-section-height-default\" data-id=\"3a0db30\" data-element_type=\"section\" data-e-type=\"section\" data-settings=\"{&quot;stretch_section&quot;:&quot;section-stretched&quot;,&quot;background_background&quot;:&quot;classic&quot;}\">\n\t\t\t\t\t\t<div class=\"elementor-container elementor-column-gap-default\">\n\t\t\t\t\t<div class=\"elementor-column elementor-col-50 elementor-top-column elementor-element elementor-element-2d04aa6\" data-id=\"2d04aa6\" data-element_type=\"column\" data-e-type=\"column\" data-settings=\"{&quot;background_background&quot;:&quot;classic&quot;}\">\n\t\t\t<div class=\"elementor-widget-wrap elementor-element-populated\">\n\t\t\t\t\t\t<div class=\"elementor-element elementor-element-7a1b094 elementor-widget elementor-widget-spacer\" data-id=\"7a1b094\" data-element_type=\"widget\" data-e-type=\"widget\" data-widget_type=\"spacer.default\">\n\t\t\t\t<div class=\"elementor-widget-container\">\n\t\t\t\t\t\t\t<div class=\"elementor-spacer\">\n\t\t\t<div class=\"elementor-spacer-inner\"><\/div>\n\t\t<\/div>\n\t\t\t\t\t\t<\/div>\n\t\t\t\t<\/div>\n\t\t\t\t\t<\/div>\n\t\t<\/div>\n\t\t\t\t<div class=\"elementor-column elementor-col-50 elementor-top-column elementor-element elementor-element-1e0ec41\" data-id=\"1e0ec41\" data-element_type=\"column\" data-e-type=\"column\">\n\t\t\t<div class=\"elementor-widget-wrap elementor-element-populated\">\n\t\t\t\t\t\t<section class=\"elementor-section elementor-inner-section elementor-element elementor-element-43d0521 elementor-section-full_width elementor-section-height-default elementor-section-height-default\" data-id=\"43d0521\" data-element_type=\"section\" data-e-type=\"section\">\n\t\t\t\t\t\t<div class=\"elementor-container elementor-column-gap-default\">\n\t\t\t\t\t<div class=\"elementor-column elementor-col-100 elementor-inner-column elementor-element elementor-element-1fe5104\" data-id=\"1fe5104\" data-element_type=\"column\" data-e-type=\"column\">\n\t\t\t<div class=\"elementor-widget-wrap elementor-element-populated\">\n\t\t\t\t\t\t<div class=\"elementor-element elementor-element-d473c90 elementor-widget elementor-widget-heading\" data-id=\"d473c90\" data-element_type=\"widget\" data-e-type=\"widget\" data-widget_type=\"heading.default\">\n\t\t\t\t<div class=\"elementor-widget-container\">\n\t\t\t\t\t<p class=\"elementor-heading-title elementor-size-default\">THE WINE BAR<\/p>\t\t\t\t<\/div>\n\t\t\t\t<\/div>\n\t\t\t\t<div class=\"elementor-element elementor-element-da541b4 elementor-widget elementor-widget-text-editor\" data-id=\"da541b4\" data-element_type=\"widget\" data-e-type=\"widget\" data-widget_type=\"text-editor.default\">\n\t\t\t\t<div class=\"elementor-widget-container\">\n\t\t\t\t\t\t\t\t\t<p>In the hotel lobby, you will find a great wine bar.<br>As well as a range of soft drinks, you will have the opportunity to taste local wines from Burgundy and the Rh\u00f4ne Valley.<br>Come and discover a Vir\u00e9-Cless\u00e9, a white or red M\u00e2con or a Burgundy\u2019s win.<\/p>\n<p>The owner of the place certainly has her little secrets, it&#8217;s up to you to make her reveal them.<\/p>\n<p>Local winemakers frequently come down to our hotel to show off their wines and the best of their region. Come on down and take a walk on the two wine roads leading out from Macon.<\/p>\t\t\t\t\t\t\t\t<\/div>\n\t\t\t\t<\/div>\n\t\t\t\t\t<\/div>\n\t\t<\/div>\n\t\t\t\t\t<\/div>\n\t\t<\/section>\n\t\t\t\t\t<\/div>\n\t\t<\/div>\n\t\t\t\t\t<\/div>\n\t\t<\/section>\n\t\t\t\t<\/div>\n\t\t","protected":false},"excerpt":{"rendered":"<div class=\"fs22 actu-resume\">Breakfast Buffet breakfast 18 \u20ac A wide variety of local organic produce is served at the buffet in the breakfast &#8230;<\/div>\n<p class=\"text-uppercase mt-auto\"><a class=\"read-more-link text-primary text-decoration-underline fs18 fw400 stretched-link\" href=\"https:\/\/www.hotel-europeangleterre-macon.com\/en\/food-beverage\">Read more<span class=\"screen-reader-text\"> from Food &amp; Beverage<\/span><\/a><\/p>\n","protected":false},"author":1,"featured_media":6537,"parent":0,"menu_order":40,"comment_status":"closed","ping_status":"closed","template":"","meta":{"footnotes":""},"class_list":["post-6364","page","type-page","status-publish","has-post-thumbnail","hentry"],"yoast_head":"<!-- This site is optimized with the Yoast SEO plugin v27.5 - https:\/\/yoast.com\/product\/yoast-seo-wordpress\/ -->\n<title>Food &amp; Beverage - H\u00f4tel Europe d&#039;Angleterre (France)<\/title>\n<meta name=\"description\" content=\"Breakfast Buffet breakfast 18 \u20ac A wide variety of local organic produce is served at the buffet in the breakfast hall of the Best Western Plus H\u00f4tel\" \/>\n<meta name=\"robots\" content=\"index, follow, max-snippet:-1, max-image-preview:large, max-video-preview:-1\" \/>\n<link rel=\"canonical\" href=\"https:\/\/www.hotel-europeangleterre-macon.com\/en\/food-beverage\" \/>\n<meta property=\"og:locale\" content=\"en_US\" \/>\n<meta property=\"og:type\" content=\"article\" \/>\n<meta property=\"og:title\" content=\"Food &amp; Beverage - H\u00f4tel Europe d&#039;Angleterre (France)\" \/>\n<meta property=\"og:description\" content=\"Breakfast Buffet breakfast 18 \u20ac A wide variety of local organic produce is served at the buffet in the breakfast hall of the Best Western Plus H\u00f4tel\" \/>\n<meta property=\"og:url\" content=\"https:\/\/www.hotel-europeangleterre-macon.com\/en\/food-beverage\" \/>\n<meta property=\"og:site_name\" content=\"H\u00f4tel Europe d&#039;Angleterre\" \/>\n<meta property=\"article:modified_time\" content=\"2023-01-23T16:16:42+00:00\" \/>\n<meta property=\"og:image\" content=\"https:\/\/www.hotel-europeangleterre-macon.com\/wp-content\/uploads\/2022\/09\/HOTELDEUROPEETANGLETERRE_14062022_-6.jpg\" \/>\n\t<meta property=\"og:image:width\" content=\"640\" \/>\n\t<meta property=\"og:image:height\" content=\"800\" \/>\n\t<meta property=\"og:image:type\" content=\"image\/jpeg\" \/>\n<meta name=\"twitter:card\" content=\"summary_large_image\" \/>\n<meta name=\"twitter:label1\" content=\"Est. reading time\" \/>\n\t<meta name=\"twitter:data1\" content=\"1 minute\" \/>\n<script type=\"application\/ld+json\" class=\"yoast-schema-graph\">{\"@context\":\"https:\\\/\\\/schema.org\",\"@graph\":[{\"@type\":\"WebPage\",\"@id\":\"https:\\\/\\\/www.hotel-europeangleterre-macon.com\\\/en\\\/food-beverage\",\"url\":\"https:\\\/\\\/www.hotel-europeangleterre-macon.com\\\/en\\\/food-beverage\",\"name\":\"Food &amp; Beverage - H\u00f4tel Europe d&#039;Angleterre (France)\",\"isPartOf\":{\"@id\":\"https:\\\/\\\/www.hotel-europeangleterre-macon.com\\\/en#website\"},\"primaryImageOfPage\":{\"@id\":\"https:\\\/\\\/www.hotel-europeangleterre-macon.com\\\/en\\\/food-beverage#primaryimage\"},\"image\":{\"@id\":\"https:\\\/\\\/www.hotel-europeangleterre-macon.com\\\/en\\\/food-beverage#primaryimage\"},\"thumbnailUrl\":\"https:\\\/\\\/www.hotel-europeangleterre-macon.com\\\/wp-content\\\/uploads\\\/2022\\\/09\\\/HOTELDEUROPEETANGLETERRE_14062022_-6.jpg\",\"datePublished\":\"2022-05-30T09:55:15+00:00\",\"dateModified\":\"2023-01-23T16:16:42+00:00\",\"description\":\"Breakfast Buffet breakfast 18 \u20ac A wide variety of local organic produce is served at the buffet in the breakfast hall of the Best Western Plus H\u00f4tel\",\"breadcrumb\":{\"@id\":\"https:\\\/\\\/www.hotel-europeangleterre-macon.com\\\/en\\\/food-beverage#breadcrumb\"},\"inLanguage\":\"en-US\",\"potentialAction\":[{\"@type\":\"ReadAction\",\"target\":[\"https:\\\/\\\/www.hotel-europeangleterre-macon.com\\\/en\\\/food-beverage\"]}]},{\"@type\":\"ImageObject\",\"inLanguage\":\"en-US\",\"@id\":\"https:\\\/\\\/www.hotel-europeangleterre-macon.com\\\/en\\\/food-beverage#primaryimage\",\"url\":\"https:\\\/\\\/www.hotel-europeangleterre-macon.com\\\/wp-content\\\/uploads\\\/2022\\\/09\\\/HOTELDEUROPEETANGLETERRE_14062022_-6.jpg\",\"contentUrl\":\"https:\\\/\\\/www.hotel-europeangleterre-macon.com\\\/wp-content\\\/uploads\\\/2022\\\/09\\\/HOTELDEUROPEETANGLETERRE_14062022_-6.jpg\",\"width\":640,\"height\":800,\"caption\":\"Petit d\u00e9jeuner buffet\"},{\"@type\":\"BreadcrumbList\",\"@id\":\"https:\\\/\\\/www.hotel-europeangleterre-macon.com\\\/en\\\/food-beverage#breadcrumb\",\"itemListElement\":[{\"@type\":\"ListItem\",\"position\":1,\"name\":\"Home\",\"item\":\"https:\\\/\\\/www.hotel-europeangleterre-macon.com\\\/en\"},{\"@type\":\"ListItem\",\"position\":2,\"name\":\"Food &amp; Beverage\"}]},{\"@type\":\"WebSite\",\"@id\":\"https:\\\/\\\/www.hotel-europeangleterre-macon.com\\\/en#website\",\"url\":\"https:\\\/\\\/www.hotel-europeangleterre-macon.com\\\/en\",\"name\":\"H\u00f4tel Europe d&#039;Angleterre\",\"description\":\"Best Western Plus H\u00f4tel d\u2019Europe et d\u2019Angleterre \u00e0 M\u00e2con\",\"publisher\":{\"@id\":\"https:\\\/\\\/www.hotel-europeangleterre-macon.com\\\/en#organization\"},\"potentialAction\":[{\"@type\":\"SearchAction\",\"target\":{\"@type\":\"EntryPoint\",\"urlTemplate\":\"https:\\\/\\\/www.hotel-europeangleterre-macon.com\\\/en?s={search_term_string}\"},\"query-input\":{\"@type\":\"PropertyValueSpecification\",\"valueRequired\":true,\"valueName\":\"search_term_string\"}}],\"inLanguage\":\"en-US\"},{\"@type\":\"Organization\",\"@id\":\"https:\\\/\\\/www.hotel-europeangleterre-macon.com\\\/en#organization\",\"name\":\"Hotel d'Europe et d'Angleterre \u00e0 M\u00e2con\",\"url\":\"https:\\\/\\\/www.hotel-europeangleterre-macon.com\\\/en\",\"logo\":{\"@type\":\"ImageObject\",\"inLanguage\":\"en-US\",\"@id\":\"https:\\\/\\\/www.hotel-europeangleterre-macon.com\\\/en#\\\/schema\\\/logo\\\/image\\\/\",\"url\":\"https:\\\/\\\/www.hotel-europeangleterre-macon.com\\\/wp-content\\\/uploads\\\/2022\\\/06\\\/cropped-favicon.jpg\",\"contentUrl\":\"https:\\\/\\\/www.hotel-europeangleterre-macon.com\\\/wp-content\\\/uploads\\\/2022\\\/06\\\/cropped-favicon.jpg\",\"width\":512,\"height\":512,\"caption\":\"Hotel d'Europe et d'Angleterre \u00e0 M\u00e2con\"},\"image\":{\"@id\":\"https:\\\/\\\/www.hotel-europeangleterre-macon.com\\\/en#\\\/schema\\\/logo\\\/image\\\/\"}}]}<\/script>\n<!-- \/ Yoast SEO plugin. -->","yoast_head_json":{"title":"Food &amp; Beverage - H\u00f4tel Europe d&#039;Angleterre (France)","description":"Breakfast Buffet breakfast 18 \u20ac A wide variety of local organic produce is served at the buffet in the breakfast hall of the Best Western Plus H\u00f4tel","robots":{"index":"index","follow":"follow","max-snippet":"max-snippet:-1","max-image-preview":"max-image-preview:large","max-video-preview":"max-video-preview:-1"},"canonical":"https:\/\/www.hotel-europeangleterre-macon.com\/en\/food-beverage","og_locale":"en_US","og_type":"article","og_title":"Food &amp; Beverage - H\u00f4tel Europe d&#039;Angleterre (France)","og_description":"Breakfast Buffet breakfast 18 \u20ac A wide variety of local organic produce is served at the buffet in the breakfast hall of the Best Western Plus H\u00f4tel","og_url":"https:\/\/www.hotel-europeangleterre-macon.com\/en\/food-beverage","og_site_name":"H\u00f4tel Europe d&#039;Angleterre","article_modified_time":"2023-01-23T16:16:42+00:00","og_image":[{"width":640,"height":800,"url":"https:\/\/www.hotel-europeangleterre-macon.com\/wp-content\/uploads\/2022\/09\/HOTELDEUROPEETANGLETERRE_14062022_-6.jpg","type":"image\/jpeg"}],"twitter_card":"summary_large_image","twitter_misc":{"Est. reading time":"1 minute"},"schema":{"@context":"https:\/\/schema.org","@graph":[{"@type":"WebPage","@id":"https:\/\/www.hotel-europeangleterre-macon.com\/en\/food-beverage","url":"https:\/\/www.hotel-europeangleterre-macon.com\/en\/food-beverage","name":"Food &amp; Beverage - H\u00f4tel Europe d&#039;Angleterre (France)","isPartOf":{"@id":"https:\/\/www.hotel-europeangleterre-macon.com\/en#website"},"primaryImageOfPage":{"@id":"https:\/\/www.hotel-europeangleterre-macon.com\/en\/food-beverage#primaryimage"},"image":{"@id":"https:\/\/www.hotel-europeangleterre-macon.com\/en\/food-beverage#primaryimage"},"thumbnailUrl":"https:\/\/www.hotel-europeangleterre-macon.com\/wp-content\/uploads\/2022\/09\/HOTELDEUROPEETANGLETERRE_14062022_-6.jpg","datePublished":"2022-05-30T09:55:15+00:00","dateModified":"2023-01-23T16:16:42+00:00","description":"Breakfast Buffet breakfast 18 \u20ac A wide variety of local organic produce is served at the buffet in the breakfast hall of the Best Western Plus H\u00f4tel","breadcrumb":{"@id":"https:\/\/www.hotel-europeangleterre-macon.com\/en\/food-beverage#breadcrumb"},"inLanguage":"en-US","potentialAction":[{"@type":"ReadAction","target":["https:\/\/www.hotel-europeangleterre-macon.com\/en\/food-beverage"]}]},{"@type":"ImageObject","inLanguage":"en-US","@id":"https:\/\/www.hotel-europeangleterre-macon.com\/en\/food-beverage#primaryimage","url":"https:\/\/www.hotel-europeangleterre-macon.com\/wp-content\/uploads\/2022\/09\/HOTELDEUROPEETANGLETERRE_14062022_-6.jpg","contentUrl":"https:\/\/www.hotel-europeangleterre-macon.com\/wp-content\/uploads\/2022\/09\/HOTELDEUROPEETANGLETERRE_14062022_-6.jpg","width":640,"height":800,"caption":"Petit d\u00e9jeuner buffet"},{"@type":"BreadcrumbList","@id":"https:\/\/www.hotel-europeangleterre-macon.com\/en\/food-beverage#breadcrumb","itemListElement":[{"@type":"ListItem","position":1,"name":"Home","item":"https:\/\/www.hotel-europeangleterre-macon.com\/en"},{"@type":"ListItem","position":2,"name":"Food &amp; Beverage"}]},{"@type":"WebSite","@id":"https:\/\/www.hotel-europeangleterre-macon.com\/en#website","url":"https:\/\/www.hotel-europeangleterre-macon.com\/en","name":"H\u00f4tel Europe d&#039;Angleterre","description":"Best Western Plus H\u00f4tel d\u2019Europe et d\u2019Angleterre \u00e0 M\u00e2con","publisher":{"@id":"https:\/\/www.hotel-europeangleterre-macon.com\/en#organization"},"potentialAction":[{"@type":"SearchAction","target":{"@type":"EntryPoint","urlTemplate":"https:\/\/www.hotel-europeangleterre-macon.com\/en?s={search_term_string}"},"query-input":{"@type":"PropertyValueSpecification","valueRequired":true,"valueName":"search_term_string"}}],"inLanguage":"en-US"},{"@type":"Organization","@id":"https:\/\/www.hotel-europeangleterre-macon.com\/en#organization","name":"Hotel d'Europe et d'Angleterre \u00e0 M\u00e2con","url":"https:\/\/www.hotel-europeangleterre-macon.com\/en","logo":{"@type":"ImageObject","inLanguage":"en-US","@id":"https:\/\/www.hotel-europeangleterre-macon.com\/en#\/schema\/logo\/image\/","url":"https:\/\/www.hotel-europeangleterre-macon.com\/wp-content\/uploads\/2022\/06\/cropped-favicon.jpg","contentUrl":"https:\/\/www.hotel-europeangleterre-macon.com\/wp-content\/uploads\/2022\/06\/cropped-favicon.jpg","width":512,"height":512,"caption":"Hotel d'Europe et d'Angleterre \u00e0 M\u00e2con"},"image":{"@id":"https:\/\/www.hotel-europeangleterre-macon.com\/en#\/schema\/logo\/image\/"}}]}},"_links":{"self":[{"href":"https:\/\/www.hotel-europeangleterre-macon.com\/en\/wp-json\/wp\/v2\/pages\/6364","targetHints":{"allow":["GET"]}}],"collection":[{"href":"https:\/\/www.hotel-europeangleterre-macon.com\/en\/wp-json\/wp\/v2\/pages"}],"about":[{"href":"https:\/\/www.hotel-europeangleterre-macon.com\/en\/wp-json\/wp\/v2\/types\/page"}],"author":[{"embeddable":true,"href":"https:\/\/www.hotel-europeangleterre-macon.com\/en\/wp-json\/wp\/v2\/users\/1"}],"replies":[{"embeddable":true,"href":"https:\/\/www.hotel-europeangleterre-macon.com\/en\/wp-json\/wp\/v2\/comments?post=6364"}],"version-history":[{"count":4,"href":"https:\/\/www.hotel-europeangleterre-macon.com\/en\/wp-json\/wp\/v2\/pages\/6364\/revisions"}],"predecessor-version":[{"id":6816,"href":"https:\/\/www.hotel-europeangleterre-macon.com\/en\/wp-json\/wp\/v2\/pages\/6364\/revisions\/6816"}],"wp:featuredmedia":[{"embeddable":true,"href":"https:\/\/www.hotel-europeangleterre-macon.com\/en\/wp-json\/wp\/v2\/media\/6537"}],"wp:attachment":[{"href":"https:\/\/www.hotel-europeangleterre-macon.com\/en\/wp-json\/wp\/v2\/media?parent=6364"}],"curies":[{"name":"wp","href":"https:\/\/api.w.org\/{rel}","templated":true}]}}